{"id":1927,"date":"2025-05-15T15:45:30","date_gmt":"2025-05-15T15:45:30","guid":{"rendered":"https:\/\/indupan.com\/?page_id=1927"},"modified":"2025-07-21T16:18:28","modified_gmt":"2025-07-21T16:18:28","slug":"productos","status":"publish","type":"page","link":"https:\/\/indupan.com\/index.php\/productos\/","title":{"rendered":"Productos"},"content":{"rendered":"\t\t<div data-elementor-type=\"wp-page\" data-elementor-id=\"1927\" class=\"elementor elementor-1927\">\n\t\t\t\t<div class=\"elementor-element elementor-element-5a8e2cd e-flex e-con-boxed e-con e-parent\" data-id=\"5a8e2cd\" data-element_type=\"container\" data-e-type=\"container\" data-settings=\"{&quot;background_background&quot;:&quot;gradient&quot;}\">\n\t\t\t\t\t<div class=\"e-con-inner\">\n\t\t<div class=\"elementor-element elementor-element-da62969 e-con-full e-flex elementor-invisible e-con e-child\" data-id=\"da62969\" data-element_type=\"container\" data-e-type=\"container\" data-settings=\"{&quot;animation&quot;:&quot;slideInLeft&quot;}\">\n\t\t\t\t<div class=\"elementor-element elementor-element-b7b8dc6 elementor-widget elementor-widget-heading\" data-id=\"b7b8dc6\" data-element_type=\"widget\" data-e-type=\"widget\" data-widget_type=\"heading.default\">\n\t\t\t\t<div class=\"elementor-widget-container\">\n\t\t\t\t\t<h2 class=\"elementor-heading-title elementor-size-default\">Nuestros Productos<\/h2>\t\t\t\t<\/div>\n\t\t\t\t<\/div>\n\t\t\t\t<div class=\"elementor-element elementor-element-5549027 elementor-widget elementor-widget-text-editor\" data-id=\"5549027\" data-element_type=\"widget\" data-e-type=\"widget\" data-widget_type=\"text-editor.default\">\n\t\t\t\t<div class=\"elementor-widget-container\">\n\t\t\t\t\t\t\t\t\t<p>Somos <strong>Molinos del Atl\u00e1ntico<\/strong>, producimos y comercializamos Harinas de Trigo<strong> Indupan, <\/strong>reconocidas por su excelente rendimiento en panader\u00eda, pasteler\u00eda y reposter\u00eda. As\u00ed como Pastas y Harinas <strong>La Nieve, <\/strong>perfectas para preparar comidas caseras llenas de sabor y tradici\u00f3n.<\/p>\t\t\t\t\t\t\t\t<\/div>\n\t\t\t\t<\/div>\n\t\t\t\t<\/div>\n\t\t<div class=\"elementor-element elementor-element-2bce8b9 e-con-full e-flex elementor-invisible e-con e-child\" data-id=\"2bce8b9\" data-element_type=\"container\" data-e-type=\"container\" data-settings=\"{&quot;animation&quot;:&quot;slideInRight&quot;}\">\n\t\t\t\t<div class=\"elementor-element elementor-element-8c6857e elementor-widget elementor-widget-image\" data-id=\"8c6857e\" data-element_type=\"widget\" data-e-type=\"widget\" data-widget_type=\"image.default\">\n\t\t\t\t<div class=\"elementor-widget-container\">\n\t\t\t\t\t\t\t\t\t\t\t\t\t\t\t<img fetchpriority=\"high\" decoding=\"async\" width=\"1024\" height=\"683\" src=\"https:\/\/indupan.com\/wp-content\/uploads\/2025\/05\/Nuestros-productos-Harinera-Indupan-1024x683.jpg\" class=\"attachment-large size-large wp-image-2005\" alt=\"\" srcset=\"https:\/\/indupan.com\/wp-content\/uploads\/2025\/05\/Nuestros-productos-Harinera-Indupan-1024x683.jpg 1024w, https:\/\/indupan.com\/wp-content\/uploads\/2025\/05\/Nuestros-productos-Harinera-Indupan-300x200.jpg 300w, https:\/\/indupan.com\/wp-content\/uploads\/2025\/05\/Nuestros-productos-Harinera-Indupan-768x512.jpg 768w, https:\/\/indupan.com\/wp-content\/uploads\/2025\/05\/Nuestros-productos-Harinera-Indupan.jpg 1200w\" sizes=\"(max-width: 1024px) 100vw, 1024px\" \/>\t\t\t\t\t\t\t\t\t\t\t\t\t\t\t<\/div>\n\t\t\t\t<\/div>\n\t\t\t\t<\/div>\n\t\t\t\t\t<\/div>\n\t\t\t\t<\/div>\n\t\t<div class=\"elementor-element elementor-element-945f7bb e-flex e-con-boxed e-con e-parent\" data-id=\"945f7bb\" data-element_type=\"container\" data-e-type=\"container\">\n\t\t\t\t\t<div class=\"e-con-inner\">\n\t\t<div class=\"elementor-element elementor-element-fec9613 e-con-full e-flex e-con e-child\" data-id=\"fec9613\" data-element_type=\"container\" data-e-type=\"container\">\n\t\t\t\t<div class=\"elementor-element elementor-element-b8cdd46 elementor-widget elementor-widget-ucaddon_gradient_underline_text_effect\" data-id=\"b8cdd46\" data-element_type=\"widget\" data-e-type=\"widget\" data-widget_type=\"ucaddon_gradient_underline_text_effect.default\">\n\t\t\t\t<div class=\"elementor-widget-container\">\n\t\t\t\t\t\n<!-- start Gradient Underline Text Effect -->\n<style>\/* widget: Gradient Underline Text Effect *\/\n\n#uc_gradient_underline_text_effect_elementor_b8cdd46\n{\n  text-align:center;\n}\n#uc_gradient_underline_text_effect_elementor_b8cdd46 .underline--magical {\n  background-image: linear-gradient(120deg, #D55959 0%, #F00000 100%);\n  background-repeat: no-repeat;\n  background-size: 100% 0.2em;\n  background-position: 0 88%;\n  transition: background-size 0.25s ease-in;\n}\n\n#uc_gradient_underline_text_effect_elementor_b8cdd46 .underline--magical:hover {\n  background-size: 100% 88%;\n}\n\n\n<\/style>\n\n<div id=\"uc_gradient_underline_text_effect_elementor_b8cdd46\" class=\"gradient_underline_text_effect\" style=\"color:#1B1B1B;\">\n<span class=\"beginning_text\" style=\"color:;\">Harinas <\/span> \n<span class=\"underline--magical\" style=\"color:;\">Indupan<\/span> \n<span class=\"ending_text\" style=\"color:;\"><\/span>\n<\/div>\n<!-- end Gradient Underline Text Effect -->\t\t\t\t<\/div>\n\t\t\t\t<\/div>\n\t\t\t\t<\/div>\n\t\t\t\t\t<\/div>\n\t\t\t\t<\/div>\n\t\t<div class=\"elementor-element elementor-element-ba823f5 e-flex e-con-boxed e-con e-parent\" data-id=\"ba823f5\" data-element_type=\"container\" data-e-type=\"container\">\n\t\t\t\t\t<div class=\"e-con-inner\">\n\t\t<div class=\"elementor-element elementor-element-766fc70 e-con-full e-flex e-con e-child\" data-id=\"766fc70\" data-element_type=\"container\" data-e-type=\"container\">\n\t\t\t\t<div class=\"elementor-element elementor-element-1499c5b elementor-widget__width-initial elementor-invisible elementor-widget elementor-widget-image\" data-id=\"1499c5b\" data-element_type=\"widget\" data-e-type=\"widget\" data-settings=\"{&quot;_animation&quot;:&quot;zoomIn&quot;}\" data-widget_type=\"image.default\">\n\t\t\t\t<div class=\"elementor-widget-container\">\n\t\t\t\t\t\t\t\t\t\t\t\t\t\t\t<img decoding=\"async\" width=\"1\" height=\"1\" src=\"https:\/\/indupan.com\/wp-content\/uploads\/2025\/07\/Bultos-indupan-pagina-web.png\" class=\"attachment-large size-large wp-image-2363\" alt=\"\" \/>\t\t\t\t\t\t\t\t\t\t\t\t\t\t\t<\/div>\n\t\t\t\t<\/div>\n\t\t\t\t<div class=\"elementor-element elementor-element-ba10d0b elementor-align-center elementor-hidden-mobile elementor-invisible elementor-widget elementor-widget-button\" data-id=\"ba10d0b\" data-element_type=\"widget\" data-e-type=\"widget\" data-settings=\"{&quot;_animation&quot;:&quot;rotateInUpLeft&quot;}\" data-widget_type=\"button.default\">\n\t\t\t\t<div class=\"elementor-widget-container\">\n\t\t\t\t\t\t\t\t\t<div class=\"elementor-button-wrapper\">\n\t\t\t\t\t<a class=\"elementor-button elementor-button-link elementor-size-sm elementor-animation-grow\" href=\"https:\/\/wa.link\/0sffnv\" target=\"_blank\" rel=\"noopener\">\n\t\t\t\t\t\t<span class=\"elementor-button-content-wrapper\">\n\t\t\t\t\t\t\t\t\t<span class=\"elementor-button-text\">QUIERO COMPRAR<\/span>\n\t\t\t\t\t<\/span>\n\t\t\t\t\t<\/a>\n\t\t\t\t<\/div>\n\t\t\t\t\t\t\t\t<\/div>\n\t\t\t\t<\/div>\n\t\t\t\t<\/div>\n\t\t<div class=\"elementor-element elementor-element-3af940b e-con-full e-flex e-con e-child\" data-id=\"3af940b\" data-element_type=\"container\" data-e-type=\"container\" data-settings=\"{&quot;background_background&quot;:&quot;classic&quot;}\">\n\t\t\t\t<div class=\"elementor-element elementor-element-867bdd5 elementor-invisible elementor-widget elementor-widget-ucaddon_uc_material_bullets\" data-id=\"867bdd5\" data-element_type=\"widget\" data-e-type=\"widget\" data-settings=\"{&quot;_animation&quot;:&quot;zoomIn&quot;}\" data-widget_type=\"ucaddon_uc_material_bullets.default\">\n\t\t\t\t<div class=\"elementor-widget-container\">\n\t\t\t\t\t\n<!-- start Icon Bullets -->\n\t\t<link id='font-awesome-css' href='https:\/\/indupan.com\/wp-content\/plugins\/unlimited-elements-for-elementor\/assets_libraries\/font-awesome6\/fontawesome-all.min.css' type='text\/css' rel='stylesheet' >\n\t\t<link id='font-awesome-4-shim-css' href='https:\/\/indupan.com\/wp-content\/plugins\/unlimited-elements-for-elementor\/assets_libraries\/font-awesome6\/fontawesome-v4-shims.min.css' type='text\/css' rel='stylesheet' >\n\n<style>\/* widget: Icon Bullets *\/\n\n\r\n@keyframes uc_uc_material_bullets_elementor_867bdd5__item-animation {\r\n  0% {\r\n            \r\n        \t        \tfilter: blur(10px);\r\n\t\t\t\r\n    \t    opacity: 0;\r\n  }\r\n  100% {\r\n            \r\n        \t            filter: blur(0px);\r\n            \r\n    \t\topacity: 1;\r\n  }\r\n}\r\n\r\n\r\n#uc_uc_material_bullets_elementor_867bdd5 .uc_material_bullets_row{\r\n\topacity:0;\r\n}\r\n\r\n\r\n#uc_uc_material_bullets_elementor_867bdd5 .uc-entrance-animate {\r\n  opacity:1;\r\n}\r\n\r\n#uc_uc_material_bullets_elementor_867bdd5 .uc-entrance-animate {\r\n\tanimation: uc_uc_material_bullets_elementor_867bdd5__item-animation 0.6s cubic-bezier(0.470, 0.000, 0.745, 0.715) both;\r\n}\r\n\r\n\t\t\t\n\n#uc_uc_material_bullets_elementor_867bdd5 *{\n\t-webkit-box-sizing: border-box;\n\t-moz-box-sizing: border-box;\n\tbox-sizing: border-box;\n}\n\n#uc_uc_material_bullets_elementor_867bdd5 .ue-icon-wrapper{\n\tdisplay: flex;\n}\n\n#uc_uc_material_bullets_elementor_867bdd5 .ue-icon{\n  display:flex;\n  align-items:center;\n  justify-content:center;\n  flex-grow:0;\n  flex-shrink:0;\n  line-height:1em;\n  transition:0.3s;\n}\n\n#uc_uc_material_bullets_elementor_867bdd5 .ue-icon svg{\n  height:1em;\n  width:1em;\n}\n\n#uc_uc_material_bullets_elementor_867bdd5 .uc_material_bullets_row{\n\tfont-weight:400;\n\toverflow:hidden;\n\tdisplay:flex;\n\tposition:relative;\n\ttext-align:left;\n\twidth:100%;   \n    transition:0.3s;\n}\n\n#uc_uc_material_bullets_elementor_867bdd5 .uc_material_bullets_row a.ue-item-link{\n  position:absolute;\n  display:block;\n  top:0;\n  right:0;\n  left:0;\n  bottom:0;\n}\n\n#uc_uc_material_bullets_elementor_867bdd5 .uc_material_bullets_row:last-child{\n\tmargin-bottom:0px !important;\n}\n\n\n#uc_uc_material_bullets_elementor_867bdd5 .uc_material_bullets_row {\n\tposition:relative;\n\tvertical-align:middle;\n}\n\n#uc_uc_material_bullets_elementor_867bdd5 .uc_material_bullets_row .uc_content_box{\n\tdisplay:flex;\n    flex-direction:column;\n    justify-content:center;\n    align-items: flex-start;\n    flex-grow:1;\n}\n\n#uc_uc_material_bullets_elementor_867bdd5 .ue-bullets{\n  display:grid;\n}\n\n#uc_uc_material_bullets_elementor_867bdd5 .ue-text, \n#uc_uc_material_bullets_elementor_867bdd5 .ue-title, \n#uc_uc_material_bullets_elementor_867bdd5 .ue-seperator{\n  width:100%;\n}\n\n#uc_uc_material_bullets_elementor_867bdd5 .ue-seperator-line{\n  display:inline-block;\n  font-size:0px;\n}\n\n#uc_uc_material_bullets_elementor_867bdd5 .ue-seperator{\n  font-size:0px;\n}\n\n#uc_uc_material_bullets_elementor_867bdd5.uc-remote-parent .uc_material_bullets_row{\n  cursor:pointer;\n}\n\n.ue-title{\n  font-size:21px;\n  margin:0;\n}\n\n#uc_uc_material_bullets_elementor_867bdd5 .uc_content_box > *{\n  transition: all .3s;\n}\n\n<\/style>\n\n<div class=\"uc_material_bullets  \"  id=\"uc_uc_material_bullets_elementor_867bdd5\"  >   \t\n    \t<div class=\"ue-bullets uc-items-wrapper\">\n          \t<div class=\"uc_material_bullets_row elementor-repeater-item-9cefba7\">\n  <div class=\"ue-icon-wrapper\">\n              <div class=\"ue-icon\">\n                    <img src='https:\/\/indupan.com\/wp-content\/uploads\/2025\/04\/icono-pan.svg' class='uc-svg-image'>                    \t\n\n                \n              <\/div>\n  <\/div>\n  <div class=\"uc_content_box uc_ceal\">\n    <div class=\"ue-title\"><\/div>\n    \n    \t\n    \n    <div class=\"ue-text\">Mayor rendimiento.<\/div>\t\n  <\/div>\n    \t\n<\/div>\n<div class=\"uc_material_bullets_row elementor-repeater-item-7fa7592\">\n  <div class=\"ue-icon-wrapper\">\n              <div class=\"ue-icon\">\n                    <img src='https:\/\/indupan.com\/wp-content\/uploads\/2025\/04\/Icono-pan-2.svg' class='uc-svg-image'>                    \t\n\n                \n              <\/div>\n  <\/div>\n  <div class=\"uc_content_box uc_ceal\">\n    <div class=\"ue-title\"><\/div>\n    \n    \t\n    \n    <div class=\"ue-text\">Elaboradas con tecnolog\u00eda de punta.<\/div>\t\n  <\/div>\n    \t\n<\/div>\n<div class=\"uc_material_bullets_row elementor-repeater-item-caa93a5\">\n  <div class=\"ue-icon-wrapper\">\n              <div class=\"ue-icon\">\n                    <img src='https:\/\/indupan.com\/wp-content\/uploads\/2025\/04\/trigo.svg' class='uc-svg-image'>                    \t\n\n                \n              <\/div>\n  <\/div>\n  <div class=\"uc_content_box uc_ceal\">\n    <div class=\"ue-title\"><\/div>\n    \n    \t\n    \n    <div class=\"ue-text\">Fermentaci\u00f3n r\u00e1pida.<\/div>\t\n  <\/div>\n    \t\n<\/div>\n<div class=\"uc_material_bullets_row elementor-repeater-item-119ac34\">\n  <div class=\"ue-icon-wrapper\">\n              <div class=\"ue-icon\">\n                    <i class='fas fa-leaf'><\/i>                    \t\n\n                \n              <\/div>\n  <\/div>\n  <div class=\"uc_content_box uc_ceal\">\n    <div class=\"ue-title\"><\/div>\n    \n    \t\n    \n    <div class=\"ue-text\">Tenacidad, versatilidad y elasticidad.<\/div>\t\n  <\/div>\n    \t\n<\/div>\n\n      <\/div>\n<\/div>\n<!-- end Icon Bullets -->\t\t\t\t<\/div>\n\t\t\t\t<\/div>\n\t\t\t\t<div class=\"elementor-element elementor-element-aff63a2 elementor-align-center elementor-hidden-desktop elementor-hidden-tablet elementor-invisible elementor-widget elementor-widget-button\" data-id=\"aff63a2\" data-element_type=\"widget\" data-e-type=\"widget\" data-settings=\"{&quot;_animation&quot;:&quot;rotateInUpLeft&quot;}\" data-widget_type=\"button.default\">\n\t\t\t\t<div class=\"elementor-widget-container\">\n\t\t\t\t\t\t\t\t\t<div class=\"elementor-button-wrapper\">\n\t\t\t\t\t<a class=\"elementor-button elementor-button-link elementor-size-sm elementor-animation-grow\" href=\"https:\/\/wa.link\/0sffnv\" target=\"_blank\" rel=\"noopener\">\n\t\t\t\t\t\t<span class=\"elementor-button-content-wrapper\">\n\t\t\t\t\t\t\t\t\t<span class=\"elementor-button-text\">QUIERO COMPRAR<\/span>\n\t\t\t\t\t<\/span>\n\t\t\t\t\t<\/a>\n\t\t\t\t<\/div>\n\t\t\t\t\t\t\t\t<\/div>\n\t\t\t\t<\/div>\n\t\t\t\t<\/div>\n\t\t\t\t\t<\/div>\n\t\t\t\t<\/div>\n\t\t<div class=\"elementor-element elementor-element-b379425 e-flex e-con-boxed elementor-invisible e-con e-parent\" data-id=\"b379425\" data-element_type=\"container\" data-e-type=\"container\" data-settings=\"{&quot;background_background&quot;:&quot;classic&quot;,&quot;animation&quot;:&quot;fadeIn&quot;}\">\n\t\t\t\t\t<div class=\"e-con-inner\">\n\t\t<div class=\"elementor-element elementor-element-2352757 e-con-full e-flex e-con e-child\" data-id=\"2352757\" data-element_type=\"container\" data-e-type=\"container\">\n\t\t\t\t<div class=\"elementor-element elementor-element-b2bbc72 elementor-widget elementor-widget-spacer\" data-id=\"b2bbc72\" data-element_type=\"widget\" data-e-type=\"widget\" data-widget_type=\"spacer.default\">\n\t\t\t\t<div class=\"elementor-widget-container\">\n\t\t\t\t\t\t\t<div class=\"elementor-spacer\">\n\t\t\t<div class=\"elementor-spacer-inner\"><\/div>\n\t\t<\/div>\n\t\t\t\t\t\t<\/div>\n\t\t\t\t<\/div>\n\t\t\t\t<div class=\"elementor-element elementor-element-9cda27c elementor-hidden-mobile elementor-widget elementor-widget-spacer\" data-id=\"9cda27c\" data-element_type=\"widget\" data-e-type=\"widget\" data-widget_type=\"spacer.default\">\n\t\t\t\t<div class=\"elementor-widget-container\">\n\t\t\t\t\t\t\t<div class=\"elementor-spacer\">\n\t\t\t<div class=\"elementor-spacer-inner\"><\/div>\n\t\t<\/div>\n\t\t\t\t\t\t<\/div>\n\t\t\t\t<\/div>\n\t\t\t\t<\/div>\n\t\t<div class=\"elementor-element elementor-element-b32cd44 e-con-full e-flex e-con e-child\" data-id=\"b32cd44\" data-element_type=\"container\" data-e-type=\"container\">\n\t\t\t\t<div class=\"elementor-element elementor-element-7409c7d elementor-align-center elementor-widget-mobile__width-inherit elementor-invisible elementor-widget elementor-widget-button\" data-id=\"7409c7d\" data-element_type=\"widget\" data-e-type=\"widget\" data-settings=\"{&quot;_animation&quot;:&quot;rotateInUpLeft&quot;}\" data-widget_type=\"button.default\">\n\t\t\t\t<div class=\"elementor-widget-container\">\n\t\t\t\t\t\t\t\t\t<div class=\"elementor-button-wrapper\">\n\t\t\t\t\t<a class=\"elementor-button elementor-button-link elementor-size-sm elementor-animation-grow\" href=\"https:\/\/wa.link\/0sffnv\" target=\"_blank\" rel=\"noopener\">\n\t\t\t\t\t\t<span class=\"elementor-button-content-wrapper\">\n\t\t\t\t\t\t\t\t\t<span class=\"elementor-button-text\">QUIERO COMPRAR<\/span>\n\t\t\t\t\t<\/span>\n\t\t\t\t\t<\/a>\n\t\t\t\t<\/div>\n\t\t\t\t\t\t\t\t<\/div>\n\t\t\t\t<\/div>\n\t\t\t\t<\/div>\n\t\t\t\t\t<\/div>\n\t\t\t\t<\/div>\n\t\t<div class=\"elementor-element elementor-element-69c9ef9 e-flex e-con-boxed e-con e-parent\" data-id=\"69c9ef9\" data-element_type=\"container\" data-e-type=\"container\">\n\t\t\t\t\t<div class=\"e-con-inner\">\n\t\t<div class=\"elementor-element elementor-element-d29a29d e-con-full e-flex e-con e-child\" data-id=\"d29a29d\" data-element_type=\"container\" data-e-type=\"container\">\n\t\t\t\t<div class=\"elementor-element elementor-element-a9afe26 elementor-invisible elementor-widget elementor-widget-ucaddon_gradient_underline_text_effect\" data-id=\"a9afe26\" data-element_type=\"widget\" data-e-type=\"widget\" data-settings=\"{&quot;_animation&quot;:&quot;zoomIn&quot;}\" data-widget_type=\"ucaddon_gradient_underline_text_effect.default\">\n\t\t\t\t<div class=\"elementor-widget-container\">\n\t\t\t\t\t\n<!-- start Gradient Underline Text Effect -->\n<style>\/* widget: Gradient Underline Text Effect *\/\n\n#uc_gradient_underline_text_effect_elementor_a9afe26\n{\n  text-align:center;\n}\n#uc_gradient_underline_text_effect_elementor_a9afe26 .underline--magical {\n  background-image: linear-gradient(120deg, #D55959 0%, #F00000 100%);\n  background-repeat: no-repeat;\n  background-size: 100% 0.2em;\n  background-position: 0 88%;\n  transition: background-size 0.25s ease-in;\n}\n\n#uc_gradient_underline_text_effect_elementor_a9afe26 .underline--magical:hover {\n  background-size: 100% 88%;\n}\n\n\n<\/style>\n\n<div id=\"uc_gradient_underline_text_effect_elementor_a9afe26\" class=\"gradient_underline_text_effect\" style=\"color:#1B1B1B;\">\n<span class=\"beginning_text\" style=\"color:;\">Harinas <\/span> \n<span class=\"underline--magical\" style=\"color:;\">La Nieve<\/span> \n<span class=\"ending_text\" style=\"color:;\"><\/span>\n<\/div>\n<!-- end Gradient Underline Text Effect -->\t\t\t\t<\/div>\n\t\t\t\t<\/div>\n\t\t\t\t<\/div>\n\t\t\t\t\t<\/div>\n\t\t\t\t<\/div>\n\t\t<div class=\"elementor-element elementor-element-f6699fd e-flex e-con-boxed elementor-invisible e-con e-parent\" data-id=\"f6699fd\" data-element_type=\"container\" data-e-type=\"container\" data-settings=\"{&quot;background_background&quot;:&quot;classic&quot;,&quot;animation&quot;:&quot;zoomIn&quot;}\">\n\t\t\t\t\t<div class=\"e-con-inner\">\n\t\t<div class=\"elementor-element elementor-element-5402aa7 e-con-full e-flex e-con e-child\" data-id=\"5402aa7\" data-element_type=\"container\" data-e-type=\"container\">\n\t\t\t\t<div class=\"elementor-element elementor-element-3bb0fbb elementor-widget elementor-widget-spacer\" data-id=\"3bb0fbb\" data-element_type=\"widget\" data-e-type=\"widget\" data-widget_type=\"spacer.default\">\n\t\t\t\t<div class=\"elementor-widget-container\">\n\t\t\t\t\t\t\t<div class=\"elementor-spacer\">\n\t\t\t<div class=\"elementor-spacer-inner\"><\/div>\n\t\t<\/div>\n\t\t\t\t\t\t<\/div>\n\t\t\t\t<\/div>\n\t\t\t\t<\/div>\n\t\t<div class=\"elementor-element elementor-element-5ffa0cc e-con-full elementor-hidden-mobile e-flex e-con e-child\" data-id=\"5ffa0cc\" data-element_type=\"container\" data-e-type=\"container\">\n\t\t\t\t<\/div>\n\t\t\t\t\t<\/div>\n\t\t\t\t<\/div>\n\t\t\t\t<\/div>\n\t\t","protected":false},"excerpt":{"rendered":"<p>Nuestros Productos Somos Molinos del Atl\u00e1ntico, producimos y comercializamos Harinas de Trigo Indupan, reconocidas por su excelente rendimiento en panader\u00eda, pasteler\u00eda y reposter\u00eda. As\u00ed como Pastas y Harinas La Nieve, perfectas para preparar comidas caseras llenas de sabor y tradici\u00f3n. Harinas Indupan QUIERO COMPRAR Mayor rendimiento. Elaboradas con tecnolog\u00eda de punta. Fermentaci\u00f3n r\u00e1pida. Tenacidad, versatilidad [&hellip;]<\/p>\n","protected":false},"author":1,"featured_media":0,"parent":0,"menu_order":0,"comment_status":"closed","ping_status":"closed","template":"","meta":{"om_disable_all_campaigns":false,"_uag_custom_page_level_css":"","_monsterinsights_skip_tracking":false,"_monsterinsights_sitenote_active":false,"_monsterinsights_sitenote_note":"","_monsterinsights_sitenote_category":0,"site-sidebar-layout":"no-sidebar","site-content-layout":"page-builder","ast-site-content-layout":"full-width-container","site-content-style":"default","site-sidebar-style":"default","ast-global-header-display":"","ast-banner-title-visibility":"","ast-main-header-display":"","ast-hfb-above-header-display":"","ast-hfb-below-header-display":"","ast-hfb-mobile-header-display":"","site-post-title":"disabled","ast-breadcrumbs-content":"","ast-featured-img":"disabled","footer-sml-layout":"","ast-disable-related-posts":"","theme-transparent-header-meta":"","adv-header-id-meta":"","stick-header-meta":"","header-above-stick-meta":"","header-main-stick-meta":"","header-below-stick-meta":"","astra-migrate-meta-layouts":"set","ast-page-background-enabled":"default","ast-page-background-meta":{"desktop":{"background-color":"var(--ast-global-color-4)","background-image":"","background-repeat":"repeat","background-position":"center center","background-size":"auto","background-attachment":"scroll","background-type":"","background-media":"","overlay-type":"","overlay-color":"","overlay-opacity":"","overlay-gradient":""},"tablet":{"background-color":"","background-image":"","background-repeat":"repeat","background-position":"center center","background-size":"auto","background-attachment":"scroll","background-type":"","background-media":"","overlay-type":"","overlay-color":"","overlay-opacity":"","overlay-gradient":""},"mobile":{"background-color":"","background-image":"","background-repeat":"repeat","background-position":"center center","background-size":"auto","background-attachment":"scroll","background-type":"","background-media":"","overlay-type":"","overlay-color":"","overlay-opacity":"","overlay-gradient":""}},"ast-content-background-meta":{"desktop":{"background-color":"var(--ast-global-color-5)","background-image":"","background-repeat":"repeat","background-position":"center center","background-size":"auto","background-attachment":"scroll","background-type":"","background-media":"","overlay-type":"","overlay-color":"","overlay-opacity":"","overlay-gradient":""},"tablet":{"background-color":"var(--ast-global-color-5)","background-image":"","background-repeat":"repeat","background-position":"center center","background-size":"auto","background-attachment":"scroll","background-type":"","background-media":"","overlay-type":"","overlay-color":"","overlay-opacity":"","overlay-gradient":""},"mobile":{"background-color":"var(--ast-global-color-5)","background-image":"","background-repeat":"repeat","background-position":"center center","background-size":"auto","background-attachment":"scroll","background-type":"","background-media":"","overlay-type":"","overlay-color":"","overlay-opacity":"","overlay-gradient":""}},"_joinchat":[],"footnotes":""},"class_list":["post-1927","page","type-page","status-publish","hentry"],"uagb_featured_image_src":{"full":false,"thumbnail":false,"medium":false,"medium_large":false,"large":false,"1536x1536":false,"2048x2048":false},"uagb_author_info":{"display_name":"djzralejo15","author_link":"https:\/\/indupan.com\/author\/djzralejo15\/"},"uagb_comment_info":0,"uagb_excerpt":"Nuestros Productos Somos Molinos del Atl\u00e1ntico, producimos y comercializamos Harinas de Trigo Indupan, reconocidas por su excelente rendimiento en panader\u00eda, pasteler\u00eda y reposter\u00eda. As\u00ed como Pastas y Harinas La Nieve, perfectas para preparar comidas caseras llenas de sabor y tradici\u00f3n. Harinas Indupan QUIERO COMPRAR Mayor rendimiento. Elaboradas con tecnolog\u00eda de punta. Fermentaci\u00f3n r\u00e1pida. Tenacidad, versatilidad&hellip;","_links":{"self":[{"href":"https:\/\/indupan.com\/index.php\/wp-json\/wp\/v2\/pages\/1927","targetHints":{"allow":["GET"]}}],"collection":[{"href":"https:\/\/indupan.com\/index.php\/wp-json\/wp\/v2\/pages"}],"about":[{"href":"https:\/\/indupan.com\/index.php\/wp-json\/wp\/v2\/types\/page"}],"author":[{"embeddable":true,"href":"https:\/\/indupan.com\/index.php\/wp-json\/wp\/v2\/users\/1"}],"replies":[{"embeddable":true,"href":"https:\/\/indupan.com\/index.php\/wp-json\/wp\/v2\/comments?post=1927"}],"version-history":[{"count":62,"href":"https:\/\/indupan.com\/index.php\/wp-json\/wp\/v2\/pages\/1927\/revisions"}],"predecessor-version":[{"id":2366,"href":"https:\/\/indupan.com\/index.php\/wp-json\/wp\/v2\/pages\/1927\/revisions\/2366"}],"wp:attachment":[{"href":"https:\/\/indupan.com\/index.php\/wp-json\/wp\/v2\/media?parent=1927"}],"curies":[{"name":"wp","href":"https:\/\/api.w.org\/{rel}","templated":true}]}}